{"id":6,"date":"2023-03-21T09:24:08","date_gmt":"2023-03-21T09:24:08","guid":{"rendered":"https:\/\/www.laidari.lv\/?page_id=6"},"modified":"2023-03-21T12:29:41","modified_gmt":"2023-03-21T12:29:41","slug":"sakums","status":"publish","type":"page","link":"https:\/\/www.laidari.lv\/","title":{"rendered":"S\u0101kums"},"content":{"rendered":"\t\t<div data-elementor-type=\"wp-page\" data-elementor-id=\"6\" class=\"elementor elementor-6\" data-elementor-post-type=\"page\">\n\t\t\t\t\t\t<section class=\"elementor-section elementor-top-section elementor-element elementor-element-b33070d elementor-section-full_width elementor-section-height-min-height elementor-section-height-default elementor-section-items-middle\" data-id=\"b33070d\" data-element_type=\"section\" data-settings=\"{&quot;background_background&quot;:&quot;classic&quot;}\">\n\t\t\t\t\t\t\t<div class=\"elementor-background-overlay\"><\/div>\n\t\t\t\t\t\t\t<div class=\"elementor-container elementor-column-gap-default\">\n\t\t\t\t\t<div class=\"elementor-column elementor-col-100 elementor-top-column elementor-element elementor-element-21bb334\" data-id=\"21bb334\" data-element_type=\"column\" data-settings=\"{&quot;background_background&quot;:&quot;classic&quot;}\">\n\t\t\t<div class=\"elementor-widget-wrap elementor-element-populated\">\n\t\t\t\t\t\t<div class=\"elementor-element elementor-element-14a1a44 elementor-fixed animated-slow elementor-invisible elementor-widget elementor-widget-image\" data-id=\"14a1a44\" data-element_type=\"widget\" data-settings=\"{&quot;_position&quot;:&quot;fixed&quot;,&quot;_animation&quot;:&quot;fadeInDown&quot;,&quot;motion_fx_motion_fx_scrolling&quot;:&quot;yes&quot;,&quot;motion_fx_opacity_effect&quot;:&quot;yes&quot;,&quot;motion_fx_opacity_direction&quot;:&quot;in-out&quot;,&quot;motion_fx_opacity_range&quot;:{&quot;unit&quot;:&quot;%&quot;,&quot;size&quot;:&quot;&quot;,&quot;sizes&quot;:{&quot;start&quot;:20,&quot;end&quot;:50}},&quot;motion_fx_opacity_level&quot;:{&quot;unit&quot;:&quot;px&quot;,&quot;size&quot;:10,&quot;sizes&quot;:[]},&quot;motion_fx_devices&quot;:[&quot;desktop&quot;,&quot;tablet&quot;,&quot;mobile&quot;]}\" data-widget_type=\"image.default\">\n\t\t\t\t<div class=\"elementor-widget-container\">\n\t\t\t<style>\/*! elementor - v3.20.0 - 13-03-2024 *\/\n.elementor-widget-image{text-align:center}.elementor-widget-image a{display:inline-block}.elementor-widget-image a img[src$=\".svg\"]{width:48px}.elementor-widget-image img{vertical-align:middle;display:inline-block}<\/style>\t\t\t\t\t\t\t\t\t\t<img fetchpriority=\"high\" decoding=\"async\" width=\"800\" height=\"457\" src=\"https:\/\/www.laidari.lv\/wp-content\/uploads\/2023\/03\/Laidari-logo.svg\" class=\"attachment-large size-large wp-image-36\" alt=\"\" \/>\t\t\t\t\t\t\t\t\t\t\t\t\t<\/div>\n\t\t\t\t<\/div>\n\t\t\t\t<div class=\"elementor-element elementor-element-746b2fd elementor-widget elementor-widget-heading\" data-id=\"746b2fd\" data-element_type=\"widget\" data-widget_type=\"heading.default\">\n\t\t\t\t<div class=\"elementor-widget-container\">\n\t\t\t<style>\/*! elementor - v3.20.0 - 13-03-2024 *\/\n.elementor-heading-title{padding:0;margin:0;line-height:1}.elementor-widget-heading .elementor-heading-title[class*=elementor-size-]>a{color:inherit;font-size:inherit;line-height:inherit}.elementor-widget-heading .elementor-heading-title.elementor-size-small{font-size:15px}.elementor-widget-heading .elementor-heading-title.elementor-size-medium{font-size:19px}.elementor-widget-heading .elementor-heading-title.elementor-size-large{font-size:29px}.elementor-widget-heading .elementor-heading-title.elementor-size-xl{font-size:39px}.elementor-widget-heading .elementor-heading-title.elementor-size-xxl{font-size:59px}<\/style><h2 class=\"elementor-heading-title elementor-size-default\"><i>Biolo\u0123isk\u0101 aitkop\u012bba.<br>\nRisin\u0101jumi aitu un liellopu novietn\u0113m.<\/i><\/h2>\t\t<\/div>\n\t\t\t\t<\/div>\n\t\t\t\t\t<\/div>\n\t\t<\/div>\n\t\t\t\t\t<\/div>\n\t\t<\/section>\n\t\t\t\t<section class=\"elementor-section elementor-top-section elementor-element elementor-element-2f8414a elementor-section-boxed elementor-section-height-default elementor-section-height-default\" data-id=\"2f8414a\" data-element_type=\"section\" data-settings=\"{&quot;background_background&quot;:&quot;classic&quot;}\">\n\t\t\t\t\t\t<div class=\"elementor-container elementor-column-gap-default\">\n\t\t\t\t\t<div class=\"elementor-column elementor-col-50 elementor-top-column elementor-element elementor-element-216d48d\" data-id=\"216d48d\" data-element_type=\"column\">\n\t\t\t<div class=\"elementor-widget-wrap elementor-element-populated\">\n\t\t\t\t\t\t<div class=\"elementor-element elementor-element-b802d1f elementor-widget elementor-widget-image\" data-id=\"b802d1f\" data-element_type=\"widget\" data-widget_type=\"image.default\">\n\t\t\t\t<div class=\"elementor-widget-container\">\n\t\t\t\t\t\t\t\t\t\t\t\t\t<img decoding=\"async\" width=\"800\" height=\"503\" src=\"https:\/\/www.laidari.lv\/wp-content\/uploads\/2023\/03\/angars_aitam_01-1024x644.jpg\" class=\"attachment-large size-large wp-image-63\" alt=\"\" srcset=\"https:\/\/www.laidari.lv\/wp-content\/uploads\/2023\/03\/angars_aitam_01-1024x644.jpg 1024w, https:\/\/www.laidari.lv\/wp-content\/uploads\/2023\/03\/angars_aitam_01-300x189.jpg 300w, https:\/\/www.laidari.lv\/wp-content\/uploads\/2023\/03\/angars_aitam_01-768x483.jpg 768w, https:\/\/www.laidari.lv\/wp-content\/uploads\/2023\/03\/angars_aitam_01.jpg 1500w\" sizes=\"(max-width: 800px) 100vw, 800px\" \/>\t\t\t\t\t\t\t\t\t\t\t\t\t<\/div>\n\t\t\t\t<\/div>\n\t\t\t\t<div class=\"elementor-element elementor-element-6caee12 elementor-widget elementor-widget-image\" data-id=\"6caee12\" data-element_type=\"widget\" data-widget_type=\"image.default\">\n\t\t\t\t<div class=\"elementor-widget-container\">\n\t\t\t\t\t\t\t\t\t\t\t\t\t<img decoding=\"async\" width=\"800\" height=\"450\" src=\"https:\/\/www.laidari.lv\/wp-content\/uploads\/2023\/03\/angars_aitam_2-1024x576.jpg\" class=\"attachment-large size-large wp-image-64\" alt=\"\" srcset=\"https:\/\/www.laidari.lv\/wp-content\/uploads\/2023\/03\/angars_aitam_2-1024x576.jpg 1024w, https:\/\/www.laidari.lv\/wp-content\/uploads\/2023\/03\/angars_aitam_2-300x169.jpg 300w, https:\/\/www.laidari.lv\/wp-content\/uploads\/2023\/03\/angars_aitam_2-768x432.jpg 768w, https:\/\/www.laidari.lv\/wp-content\/uploads\/2023\/03\/angars_aitam_2.jpg 1500w\" sizes=\"(max-width: 800px) 100vw, 800px\" \/>\t\t\t\t\t\t\t\t\t\t\t\t\t<\/div>\n\t\t\t\t<\/div>\n\t\t\t\t<div class=\"elementor-element elementor-element-18d16f6 elementor-widget elementor-widget-image\" data-id=\"18d16f6\" data-element_type=\"widget\" data-widget_type=\"image.default\">\n\t\t\t\t<div class=\"elementor-widget-container\">\n\t\t\t\t\t\t\t\t\t\t\t\t\t<img loading=\"lazy\" decoding=\"async\" width=\"800\" height=\"478\" src=\"https:\/\/www.laidari.lv\/wp-content\/uploads\/2023\/03\/angars_aitam_3-1024x612.jpg\" class=\"attachment-large size-large wp-image-65\" alt=\"\" srcset=\"https:\/\/www.laidari.lv\/wp-content\/uploads\/2023\/03\/angars_aitam_3-1024x612.jpg 1024w, https:\/\/www.laidari.lv\/wp-content\/uploads\/2023\/03\/angars_aitam_3-300x179.jpg 300w, https:\/\/www.laidari.lv\/wp-content\/uploads\/2023\/03\/angars_aitam_3-768x459.jpg 768w, https:\/\/www.laidari.lv\/wp-content\/uploads\/2023\/03\/angars_aitam_3.jpg 1500w\" sizes=\"(max-width: 800px) 100vw, 800px\" \/>\t\t\t\t\t\t\t\t\t\t\t\t\t<\/div>\n\t\t\t\t<\/div>\n\t\t\t\t\t<\/div>\n\t\t<\/div>\n\t\t\t\t<div class=\"elementor-column elementor-col-50 elementor-top-column elementor-element elementor-element-46a2f35\" data-id=\"46a2f35\" data-element_type=\"column\">\n\t\t\t<div class=\"elementor-widget-wrap elementor-element-populated\">\n\t\t\t\t\t\t<div class=\"elementor-element elementor-element-274c43b elementor-widget elementor-widget-heading\" data-id=\"274c43b\" data-element_type=\"widget\" data-widget_type=\"heading.default\">\n\t\t\t\t<div class=\"elementor-widget-container\">\n\t\t\t<h2 class=\"elementor-heading-title elementor-size-default\">SIA \u201eLaidari\u201d ir uz\u0146\u0113mums, \nkas nodarbojas ar biolo\u0123isko aitkop\u012bbu.<\/h2>\t\t<\/div>\n\t\t\t\t<\/div>\n\t\t\t\t<div class=\"elementor-element elementor-element-5b09e45 elementor-widget elementor-widget-text-editor\" data-id=\"5b09e45\" data-element_type=\"widget\" data-widget_type=\"text-editor.default\">\n\t\t\t\t<div class=\"elementor-widget-container\">\n\t\t\t<style>\/*! elementor - v3.20.0 - 13-03-2024 *\/\n.elementor-widget-text-editor.elementor-drop-cap-view-stacked .elementor-drop-cap{background-color:#69727d;color:#fff}.elementor-widget-text-editor.elementor-drop-cap-view-framed .elementor-drop-cap{color:#69727d;border:3px solid;background-color:transparent}.elementor-widget-text-editor:not(.elementor-drop-cap-view-default) .elementor-drop-cap{margin-top:8px}.elementor-widget-text-editor:not(.elementor-drop-cap-view-default) .elementor-drop-cap-letter{width:1em;height:1em}.elementor-widget-text-editor .elementor-drop-cap{float:left;text-align:center;line-height:1;font-size:50px}.elementor-widget-text-editor .elementor-drop-cap-letter{display:inline-block}<\/style>\t\t\t\t<p>P\u0113c savas pieredzes esam izstr\u0101d\u0101ju\u0161i aitu novietni, kur\u0101 b\u016btu sabalans\u0113tas \u2013 izmaksas,\u00a0praktiskums un ilgm\u016b\u017e\u012bba. \u0160obr\u012bd pied\u0101v\u0101jam \u0161o risin\u0101jumu ar\u012b jums.<\/p><p><br \/>Novietnei ir arkveida konstrukcija, kas ir \u013coti iztur\u012bga. Neso\u0161ais r\u0101mis ir veidots no kvadr\u0101tcaurel\u0113m, kas ap\u0161\u016btas ar mitrumiztur\u012bgu lamin\u0113to finieri. Puse jumta plaknes kl\u0101ta ar polikarbon\u0101ta loksn\u0113m, otra puse ar t\u0113rauda jumta segumu. T\u0101d\u0113j\u0101di ieg\u016bta ait\u0101m nepiecie\u0161am\u0101 dienasgaisma ziem\u0101 un pa\u0113nis vasar\u0101. Novietnes platums ir 10 m, neso\u0161\u0101s arkas solis ir 2 m. P\u0113c j\u016bsu v\u0113lm\u0113m iesp\u0113jams vari\u0113t ar novietnes garumu 2 m robe\u017e\u0101s (minim\u0101lais garums 6 m, maksim\u0101lais garums bez ierobe\u017eojumiem).<\/p><p><br \/>Jebkur\u0101 lopu novietn\u0113 \u013coti b\u016btiska ir ventil\u0101cija, par kuru esam padom\u0101ju\u0161i ar\u012b m\u0113s. M\u016bsu\u00a0izstr\u0101d\u0101tajai novietnei gaisa pievade ir s\u0101nos 1.25 m augstum\u0101, bet izvade ir jumta kor\u0113.<\/p><p><br \/>K\u0101 papildapr\u012bkojumu pied\u0101v\u0101jam jebkura tipa dzirdnes un barotavas.<br \/>Klientiem, kuri ieg\u0101d\u0101ju\u0161ies politune\u013cus (siltumn\u012bcas tipa novietne \u2013 cauru\u013cu r\u0101mis, kas\u00a0apvilkts ar pl\u0113vi) pied\u0101v\u0101jam to p\u0101rb\u016bvi par ilgm\u016b\u017e\u012bgu aitu novietni.<\/p><p><br \/>Pied\u0101v\u0101jam risin\u0101jumus ar\u012b liellopu novietn\u0113m (no projekta l \u012bdz gatavam produktam).<\/p>\t\t\t\t\t\t<\/div>\n\t\t\t\t<\/div>\n\t\t\t\t<div class=\"elementor-element elementor-element-dfad8ec elementor-widget elementor-widget-heading\" data-id=\"dfad8ec\" data-element_type=\"widget\" data-widget_type=\"heading.default\">\n\t\t\t\t<div class=\"elementor-widget-container\">\n\t\t\t<h2 class=\"elementor-heading-title elementor-size-default\">Novietnes izgatavo\u0161anas cenas<\/h2>\t\t<\/div>\n\t\t\t\t<\/div>\n\t\t\t\t<div class=\"elementor-element elementor-element-ce2e263 elementor-icon-list--layout-traditional elementor-list-item-link-full_width elementor-widget elementor-widget-icon-list\" data-id=\"ce2e263\" data-element_type=\"widget\" data-widget_type=\"icon-list.default\">\n\t\t\t\t<div class=\"elementor-widget-container\">\n\t\t\t<link rel=\"stylesheet\" href=\"https:\/\/www.laidari.lv\/wp-content\/plugins\/elementor\/assets\/css\/widget-icon-list.min.css\">\t\t<ul class=\"elementor-icon-list-items\">\n\t\t\t\t\t\t\t<li class=\"elementor-icon-list-item\">\n\t\t\t\t\t\t\t\t\t\t\t<span class=\"elementor-icon-list-icon\">\n\t\t\t\t\t\t\t<i aria-hidden=\"true\" class=\"fas fa-check\"><\/i>\t\t\t\t\t\t<\/span>\n\t\t\t\t\t\t\t\t\t\t<span class=\"elementor-icon-list-text\">no <b>95 EUR\/m<sup>2<\/sup><\/b> + PVN - novietnes izgatavo\u0161ana un mont\u0101\u017ea<\/span>\n\t\t\t\t\t\t\t\t\t<\/li>\n\t\t\t\t\t\t\t\t<li class=\"elementor-icon-list-item\">\n\t\t\t\t\t\t\t\t\t\t\t<span class=\"elementor-icon-list-icon\">\n\t\t\t\t\t\t\t<i aria-hidden=\"true\" class=\"fas fa-check\"><\/i>\t\t\t\t\t\t<\/span>\n\t\t\t\t\t\t\t\t\t\t<span class=\"elementor-icon-list-text\">no <b>65 EUR\/m<sup>2<\/sup><\/b> + PVN - politune\u013ca p\u0101rb\u016bve<\/span>\n\t\t\t\t\t\t\t\t\t<\/li>\n\t\t\t\t\t\t\t\t<li class=\"elementor-icon-list-item\">\n\t\t\t\t\t\t\t\t\t\t\t<span class=\"elementor-icon-list-icon\">\n\t\t\t\t\t\t\t<i aria-hidden=\"true\" class=\"fas fa-check\"><\/i>\t\t\t\t\t\t<\/span>\n\t\t\t\t\t\t\t\t\t\t<span class=\"elementor-icon-list-text\">no <b>135 EUR\/m<sup>2<\/sup><\/b> + PVN - liellopu novietnes izgatavo\u0161ana un mont\u0101\u017ea<\/span>\n\t\t\t\t\t\t\t\t\t<\/li>\n\t\t\t\t\t\t<\/ul>\n\t\t\t\t<\/div>\n\t\t\t\t<\/div>\n\t\t\t\t<div class=\"elementor-element elementor-element-84230fd elementor-align-left elementor-hidden-desktop elementor-widget elementor-widget-button\" data-id=\"84230fd\" data-element_type=\"widget\" data-widget_type=\"button.default\">\n\t\t\t\t<div class=\"elementor-widget-container\">\n\t\t\t\t\t<div class=\"elementor-button-wrapper\">\n\t\t\t<a class=\"elementor-button elementor-button-link elementor-size-sm\" href=\"tel:+37129940400\">\n\t\t\t\t\t\t<span class=\"elementor-button-content-wrapper\">\n\t\t\t\t\t\t<span class=\"elementor-button-text\">Piepras\u012bt papildus inform\u0101ciju<\/span>\n\t\t<\/span>\n\t\t\t\t\t<\/a>\n\t\t<\/div>\n\t\t\t\t<\/div>\n\t\t\t\t<\/div>\n\t\t\t\t<div class=\"elementor-element elementor-element-3ea7357 elementor-align-left elementor-hidden-tablet elementor-hidden-mobile elementor-widget elementor-widget-button\" data-id=\"3ea7357\" data-element_type=\"widget\" data-widget_type=\"button.default\">\n\t\t\t\t<div class=\"elementor-widget-container\">\n\t\t\t\t\t<div class=\"elementor-button-wrapper\">\n\t\t\t<a class=\"elementor-button elementor-button-link elementor-size-sm\" href=\"mailto:laidari@laidari.lv\">\n\t\t\t\t\t\t<span class=\"elementor-button-content-wrapper\">\n\t\t\t\t\t\t<span class=\"elementor-button-text\">Piepras\u012bt papildus inform\u0101ciju<\/span>\n\t\t<\/span>\n\t\t\t\t\t<\/a>\n\t\t<\/div>\n\t\t\t\t<\/div>\n\t\t\t\t<\/div>\n\t\t\t\t\t<\/div>\n\t\t<\/div>\n\t\t\t\t\t<\/div>\n\t\t<\/section>\n\t\t\t\t<section class=\"elementor-section elementor-top-section elementor-element elementor-element-2d7b47b elementor-section-boxed elementor-section-height-default elementor-section-height-default\" data-id=\"2d7b47b\" data-element_type=\"section\" data-settings=\"{&quot;background_background&quot;:&quot;classic&quot;}\">\n\t\t\t\t\t\t<div class=\"elementor-container elementor-column-gap-default\">\n\t\t\t\t\t<div class=\"elementor-column elementor-col-50 elementor-top-column elementor-element elementor-element-f06f9e0\" data-id=\"f06f9e0\" data-element_type=\"column\">\n\t\t\t<div class=\"elementor-widget-wrap elementor-element-populated\">\n\t\t\t\t\t\t<div class=\"elementor-element elementor-element-3ba3c02 elementor-widget elementor-widget-image\" data-id=\"3ba3c02\" data-element_type=\"widget\" data-widget_type=\"image.default\">\n\t\t\t\t<div class=\"elementor-widget-container\">\n\t\t\t\t\t\t\t\t\t\t\t\t\t<img loading=\"lazy\" decoding=\"async\" width=\"300\" height=\"102\" src=\"https:\/\/www.laidari.lv\/wp-content\/uploads\/2023\/03\/Laidari-logo-white.svg\" class=\"attachment-medium size-medium wp-image-14\" alt=\"\" \/>\t\t\t\t\t\t\t\t\t\t\t\t\t<\/div>\n\t\t\t\t<\/div>\n\t\t\t\t<div class=\"elementor-element elementor-element-b1900d9 elementor-widget elementor-widget-heading\" data-id=\"b1900d9\" data-element_type=\"widget\" data-widget_type=\"heading.default\">\n\t\t\t\t<div class=\"elementor-widget-container\">\n\t\t\t<h6 class=\"elementor-heading-title elementor-size-default\">BIOLO\u0122ISK\u0100 AITKOP\u012aBA<\/h6>\t\t<\/div>\n\t\t\t\t<\/div>\n\t\t\t\t\t<\/div>\n\t\t<\/div>\n\t\t\t\t<div class=\"elementor-column elementor-col-50 elementor-top-column elementor-element elementor-element-d4252a6\" data-id=\"d4252a6\" data-element_type=\"column\">\n\t\t\t<div class=\"elementor-widget-wrap elementor-element-populated\">\n\t\t\t\t\t\t<div class=\"elementor-element elementor-element-f32275f elementor-widget elementor-widget-text-editor\" data-id=\"f32275f\" data-element_type=\"widget\" data-widget_type=\"text-editor.default\">\n\t\t\t\t<div class=\"elementor-widget-container\">\n\t\t\t\t\t\t\t<p><strong>SIA \u201cLaidari\u201d<\/strong><br \/>Juridisk\u0101 adrese: C\u0113su iela 31, k3, R\u012bga, LV-1012<br \/>Aitkop\u012bba: Rendas pagasts, Kuld\u012bgas novads.<br \/>T\u0101lr.: +37129940400<br \/>epasts: laidari@laidari.lv<\/p>\t\t\t\t\t\t<\/div>\n\t\t\t\t<\/div>\n\t\t\t\t\t<\/div>\n\t\t<\/div>\n\t\t\t\t\t<\/div>\n\t\t<\/section>\n\t\t\t\t<\/div>\n\t\t","protected":false},"excerpt":{"rendered":"<p>Biolo\u0123isk\u0101 aitkop\u012bba. Risin\u0101jumi aitu un liellopu novietn\u0113m. SIA \u201eLaidari\u201d ir uz\u0146\u0113mums, kas nodarbojas ar biolo\u0123isko aitkop\u012bbu. P\u0113c savas pieredzes esam izstr\u0101d\u0101ju\u0161i aitu novietni, kur\u0101 b\u016btu sabalans\u0113tas \u2013 izmaksas,\u00a0praktiskums un ilgm\u016b\u017e\u012bba. \u0160obr\u012bd pied\u0101v\u0101jam \u0161o risin\u0101jumu ar\u012b jums. Novietnei ir arkveida konstrukcija, kas ir \u013coti iztur\u012bga. Neso\u0161ais r\u0101mis ir veidots no kvadr\u0101tcaurel\u0113m, kas ap\u0161\u016btas ar mitrumiztur\u012bgu lamin\u0113to [&hellip;]<\/p>\n","protected":false},"author":1,"featured_media":0,"parent":0,"menu_order":0,"comment_status":"closed","ping_status":"closed","template":"elementor_canvas","meta":{"inline_featured_image":false,"footnotes":""},"class_list":["post-6","page","type-page","status-publish","hentry"],"_links":{"self":[{"href":"https:\/\/www.laidari.lv\/index.php?rest_route=\/wp\/v2\/pages\/6","targetHints":{"allow":["GET"]}}],"collection":[{"href":"https:\/\/www.laidari.lv\/index.php?rest_route=\/wp\/v2\/pages"}],"about":[{"href":"https:\/\/www.laidari.lv\/index.php?rest_route=\/wp\/v2\/types\/page"}],"author":[{"embeddable":true,"href":"https:\/\/www.laidari.lv\/index.php?rest_route=\/wp\/v2\/users\/1"}],"replies":[{"embeddable":true,"href":"https:\/\/www.laidari.lv\/index.php?rest_route=%2Fwp%2Fv2%2Fcomments&post=6"}],"version-history":[{"count":85,"href":"https:\/\/www.laidari.lv\/index.php?rest_route=\/wp\/v2\/pages\/6\/revisions"}],"predecessor-version":[{"id":125,"href":"https:\/\/www.laidari.lv\/index.php?rest_route=\/wp\/v2\/pages\/6\/revisions\/125"}],"wp:attachment":[{"href":"https:\/\/www.laidari.lv\/index.php?rest_route=%2Fwp%2Fv2%2Fmedia&parent=6"}],"curies":[{"name":"wp","href":"https:\/\/api.w.org\/{rel}","templated":true}]}}